{"id":14529,"date":"2023-09-25T21:26:10","date_gmt":"2023-09-25T21:26:10","guid":{"rendered":"https:\/\/agenciaroco.com\/?page_id=14529"},"modified":"2025-12-17T01:32:37","modified_gmt":"2025-12-17T01:32:37","slug":"info-para-sitio-web","status":"publish","type":"page","link":"https:\/\/agenciaroco.com\/en\/info-for-website\/","title":{"rendered":"Info for Web Pages"},"content":{"rendered":"\t\t<div data-elementor-type=\"wp-page\" data-elementor-id=\"14529\" class=\"elementor elementor-14529\" data-elementor-post-type=\"page\">\n\t\t\t\t<div class=\"elementor-element elementor-element-a1af870 e-con-full e-flex e-con e-parent\" data-id=\"a1af870\" data-element_type=\"container\" data-e-type=\"container\">\n\t\t<div class=\"elementor-element elementor-element-44f2bc3 e-con-full e-flex e-con e-child\" data-id=\"44f2bc3\" data-element_type=\"container\" data-e-type=\"container\" data-settings=\"{&quot;background_background&quot;:&quot;classic&quot;}\">\n\t\t\t\t<div class=\"elementor-element elementor-element-3d9b33b elementor-widget elementor-widget-theme-site-logo elementor-widget-image\" data-id=\"3d9b33b\" data-element_type=\"widget\" data-e-type=\"widget\" data-widget_type=\"theme-site-logo.default\">\n\t\t\t\t<div class=\"elementor-widget-container\">\n\t\t\t\t\t\t\t\t\t\t\t<a href=\"https:\/\/agenciaroco.com\/en\">\n\t\t\t<img fetchpriority=\"high\" decoding=\"async\" width=\"467\" height=\"123\" src=\"https:\/\/agenciaroco.com\/wp-content\/uploads\/2021\/02\/Recurso-8-1.svg\" class=\"attachment-full size-full wp-image-14409\" alt=\"logo roco agencia\" title=\"\">\t\t\t\t<\/a>\n\t\t\t\t\t\t\t\t\t\t\t<\/div>\n\t\t\t\t<\/div>\n\t\t\t\t<div class=\"elementor-element elementor-element-8e8fa7e elementor-widget__width-initial elementor-widget elementor-widget-heading\" data-id=\"8e8fa7e\" data-element_type=\"widget\" data-e-type=\"widget\" data-widget_type=\"heading.default\">\n\t\t\t\t<div class=\"elementor-widget-container\">\n\t\t\t\t\t<h1 class=\"elementor-heading-title elementor-size-default\">Crea tu Sitio Web con Nosotros<\/h1>\t\t\t\t<\/div>\n\t\t\t\t<\/div>\n\t\t\t\t<div class=\"elementor-element elementor-element-b524ea0 elementor-widget elementor-widget-heading\" data-id=\"b524ea0\" data-element_type=\"widget\" data-e-type=\"widget\" data-widget_type=\"heading.default\">\n\t\t\t\t<div class=\"elementor-widget-container\">\n\t\t\t\t\t<h2 class=\"elementor-heading-title elementor-size-default\">Proporciona la siguiente informaci\u00f3n para que podamos entender tus necesidades y dise\u00f1ar la p\u00e1gina web perfecta para ti.<\/h2>\t\t\t\t<\/div>\n\t\t\t\t<\/div>\n\t\t\t\t<div class=\"elementor-element elementor-element-6864f8a elementor-button-align-stretch elementor-widget elementor-widget-form\" data-id=\"6864f8a\" data-element_type=\"widget\" data-e-type=\"widget\" data-settings=\"{&quot;step_next_label&quot;:&quot;Next&quot;,&quot;step_previous_label&quot;:&quot;Previous&quot;,&quot;button_width&quot;:&quot;100&quot;,&quot;step_type&quot;:&quot;number_text&quot;,&quot;step_icon_shape&quot;:&quot;circle&quot;}\" data-widget_type=\"form.default\">\n\t\t\t\t<div class=\"elementor-widget-container\">\n\t\t\t\t\t\t\t<form class=\"elementor-form\" method=\"post\" name=\"Cont\u00e1ctanos\" aria-label=\"Cont\u00e1ctanos\">\n\t\t\t<input type=\"hidden\" name=\"post_id\" value=\"14529\"\/>\n\t\t\t<input type=\"hidden\" name=\"form_id\" value=\"6864f8a\"\/>\n\t\t\t<input type=\"hidden\" name=\"referer_title\" value=\"\" \/>\n\n\t\t\t\n\t\t\t<div class=\"elementor-form-fields-wrapper elementor-labels-above\">\n\t\t\t\t\t\t\t\t<div class=\"elementor-field-type-text elementor-field-group elementor-column elementor-field-group-field_428f275 elementor-col-100 elementor-field-required\">\n\t\t\t\t\t\t\t\t\t\t\t\t<label for=\"form-field-field_428f275\" class=\"elementor-field-label\">\n\t\t\t\t\t\t\t\tNombre de la Empresa\t\t\t\t\t\t\t<\/label>\n\t\t\t\t\t\t\t\t\t\t\t\t\t\t<input size=\"1\" type=\"text\" name=\"form_fields[field_428f275]\" id=\"form-field-field_428f275\" class=\"elementor-field elementor-size-sm  elementor-field-textual\" placeholder=\"Empresa\" required=\"required\">\n\t\t\t\t\t\t\t\t\t\t\t<\/div>\n\t\t\t\t\t\t\t\t<div class=\"elementor-field-type-textarea elementor-field-group elementor-column elementor-field-group-field_7ecc54e elementor-col-100 elementor-field-required\">\n\t\t\t\t\t\t\t\t\t\t\t\t<label for=\"form-field-field_7ecc54e\" class=\"elementor-field-label\">\n\t\t\t\t\t\t\t\tEslogan \t\t\t\t\t\t\t<\/label>\n\t\t\t\t\t\t<textarea class=\"elementor-field-textual elementor-field  elementor-size-sm\" name=\"form_fields[field_7ecc54e]\" id=\"form-field-field_7ecc54e\" rows=\"4\" placeholder=\"Eslogan de tu Empresa\" required=\"required\"><\/textarea>\t\t\t\t<\/div>\n\t\t\t\t\t\t\t\t<div class=\"elementor-field-type-email elementor-field-group elementor-column elementor-field-group-email elementor-col-100 elementor-field-required\">\n\t\t\t\t\t\t\t\t\t\t\t\t<label for=\"form-field-email\" class=\"elementor-field-label\">\n\t\t\t\t\t\t\t\tCorreo electr\u00f3nico (visible en la web)\t\t\t\t\t\t\t<\/label>\n\t\t\t\t\t\t\t\t\t\t\t\t\t\t<input size=\"1\" type=\"email\" name=\"form_fields[email]\" id=\"form-field-email\" class=\"elementor-field elementor-size-sm  elementor-field-textual\" placeholder=\"Correo Visible en la Pagina\" required=\"required\">\n\t\t\t\t\t\t\t\t\t\t\t<\/div>\n\t\t\t\t\t\t\t\t<div class=\"elementor-field-type-number elementor-field-group elementor-column elementor-field-group-field_b72b560 elementor-col-100 elementor-field-required\">\n\t\t\t\t\t\t\t\t\t\t\t\t<label for=\"form-field-field_b72b560\" class=\"elementor-field-label\">\n\t\t\t\t\t\t\t\tTel\u00e9fono M\u00f3vil (visible en la p\u00e1gina).\t\t\t\t\t\t\t<\/label>\n\t\t\t\t\t\t\t\t\t<input type=\"number\" name=\"form_fields[field_b72b560]\" id=\"form-field-field_b72b560\" class=\"elementor-field elementor-size-sm  elementor-field-textual\" placeholder=\"Tel\u00e9fono Visible en la Pagina\" required=\"required\" min=\"\" max=\"\" >\n\t\t\t\t\t\t<\/div>\n\t\t\t\t\t\t\t\t<div class=\"elementor-field-type-text elementor-field-group elementor-column elementor-field-group-field_397396c elementor-col-100 elementor-field-required\">\n\t\t\t\t\t\t\t\t\t\t\t\t<label for=\"form-field-field_397396c\" class=\"elementor-field-label\">\n\t\t\t\t\t\t\t\tDirecci\u00f3n de la Empresa\t\t\t\t\t\t\t<\/label>\n\t\t\t\t\t\t\t\t\t\t\t\t\t\t<input size=\"1\" type=\"text\" name=\"form_fields[field_397396c]\" id=\"form-field-field_397396c\" class=\"elementor-field elementor-size-sm  elementor-field-textual\" placeholder=\"Direcci\u00f3n Visible en el Pagina\" required=\"required\">\n\t\t\t\t\t\t\t\t\t\t\t<\/div>\n\t\t\t\t\t\t\t\t<div class=\"elementor-field-type-text elementor-field-group elementor-column elementor-field-group-field_d7ef0d9 elementor-col-100\">\n\t\t\t\t\t\t\t\t\t\t\t\t<label for=\"form-field-field_d7ef0d9\" class=\"elementor-field-label\">\n\t\t\t\t\t\t\t\tPresencia de la Empresa\t\t\t\t\t\t\t<\/label>\n\t\t\t\t\t\t\t\t\t\t\t\t\t\t<input size=\"1\" type=\"text\" name=\"form_fields[field_d7ef0d9]\" id=\"form-field-field_d7ef0d9\" class=\"elementor-field elementor-size-sm  elementor-field-textual\" placeholder=\"Ciudades o Paises Donde opera la empresa\">\n\t\t\t\t\t\t\t\t\t\t\t<\/div>\n\t\t\t\t\t\t\t\t<div class=\"elementor-field-type-text elementor-field-group elementor-column elementor-field-group-field_4b95323 elementor-col-100\">\n\t\t\t\t\t\t\t\t\t\t\t\t<label for=\"form-field-field_4b95323\" class=\"elementor-field-label\">\n\t\t\t\t\t\t\t\tClientes Objetivo\t\t\t\t\t\t\t<\/label>\n\t\t\t\t\t\t\t\t\t\t\t\t\t\t<input size=\"1\" type=\"text\" name=\"form_fields[field_4b95323]\" id=\"form-field-field_4b95323\" class=\"elementor-field elementor-size-sm  elementor-field-textual\" placeholder=\"A que Publico esta Dirigido tu Producto o Servicio\">\n\t\t\t\t\t\t\t\t\t\t\t<\/div>\n\t\t\t\t\t\t\t\t<div class=\"elementor-field-type-textarea elementor-field-group elementor-column elementor-field-group-message elementor-col-100 elementor-field-required\">\n\t\t\t\t\t\t\t\t\t\t\t\t<label for=\"form-field-message\" class=\"elementor-field-label\">\n\t\t\t\t\t\t\t\tDescripci\u00f3n de Empresa\t\t\t\t\t\t\t<\/label>\n\t\t\t\t\t\t<textarea class=\"elementor-field-textual elementor-field  elementor-size-sm\" name=\"form_fields[message]\" id=\"form-field-message\" rows=\"4\" placeholder=\"Que Hace tu Empresa y a que se Dedican\" required=\"required\"><\/textarea>\t\t\t\t<\/div>\n\t\t\t\t\t\t\t\t<div class=\"elementor-field-type-text elementor-field-group elementor-column elementor-field-group-field_af06bd9 elementor-col-100 elementor-field-required\">\n\t\t\t\t\t\t\t\t\t\t\t\t<label for=\"form-field-field_af06bd9\" class=\"elementor-field-label\">\n\t\t\t\t\t\t\t\t\u00bfCu\u00e1ntos a\u00f1os llevan en la industria?\t\t\t\t\t\t\t<\/label>\n\t\t\t\t\t\t\t\t\t\t\t\t\t\t<input size=\"1\" type=\"text\" name=\"form_fields[field_af06bd9]\" id=\"form-field-field_af06bd9\" class=\"elementor-field elementor-size-sm  elementor-field-textual\" placeholder=\"Describe tu experiencia \" required=\"required\">\n\t\t\t\t\t\t\t\t\t\t\t<\/div>\n\t\t\t\t\t\t\t\t<div class=\"elementor-field-type-text elementor-field-group elementor-column elementor-field-group-field_c2126a6 elementor-col-100 elementor-field-required\">\n\t\t\t\t\t\t\t\t\t\t\t\t<label for=\"form-field-field_c2126a6\" class=\"elementor-field-label\">\n\t\t\t\t\t\t\t\t\u00bfCu\u00e1ntos trabajadores tienen actualmente?\t\t\t\t\t\t\t<\/label>\n\t\t\t\t\t\t\t\t\t\t\t\t\t\t<input size=\"1\" type=\"text\" name=\"form_fields[field_c2126a6]\" id=\"form-field-field_c2126a6\" class=\"elementor-field elementor-size-sm  elementor-field-textual\" placeholder=\"\u00bfCon qu\u00e9 personal cuentan?\" required=\"required\">\n\t\t\t\t\t\t\t\t\t\t\t<\/div>\n\t\t\t\t\t\t\t\t<div class=\"elementor-field-type-textarea elementor-field-group elementor-column elementor-field-group-field_0223725 elementor-col-100 elementor-field-required\">\n\t\t\t\t\t\t\t\t\t\t\t\t<label for=\"form-field-field_0223725\" class=\"elementor-field-label\">\n\t\t\t\t\t\t\t\t\u00bfTienen servicio a nivel nacional e internacional?\t\t\t\t\t\t\t<\/label>\n\t\t\t\t\t\t<textarea class=\"elementor-field-textual elementor-field  elementor-size-sm\" name=\"form_fields[field_0223725]\" id=\"form-field-field_0223725\" rows=\"4\" placeholder=\"Indica si tu empresa ofrece cobertura a nivel nacional, internacional o en regiones espec\u00edficas. Esto nos ayudar\u00e1 a definir correctamente el alcance del sitio web.\" required=\"required\"><\/textarea>\t\t\t\t<\/div>\n\t\t\t\t\t\t\t\t<div class=\"elementor-field-type-textarea elementor-field-group elementor-column elementor-field-group-field_49e912e elementor-col-100 elementor-field-required\">\n\t\t\t\t\t\t\t\t\t\t\t\t<label for=\"form-field-field_49e912e\" class=\"elementor-field-label\">\n\t\t\t\t\t\t\t\tProductos\t\t\t\t\t\t\t<\/label>\n\t\t\t\t\t\t<textarea class=\"elementor-field-textual elementor-field  elementor-size-sm\" name=\"form_fields[field_49e912e]\" id=\"form-field-field_49e912e\" rows=\"4\" placeholder=\"Escribe un listado de la categor\u00eda de productos\" required=\"required\"><\/textarea>\t\t\t\t<\/div>\n\t\t\t\t\t\t\t\t<div class=\"elementor-field-type-textarea elementor-field-group elementor-column elementor-field-group-field_f9db79b elementor-col-100 elementor-field-required\">\n\t\t\t\t\t\t\t\t\t\t\t\t<label for=\"form-field-field_f9db79b\" class=\"elementor-field-label\">\n\t\t\t\t\t\t\t\t\u00bfTienen productos a los que desean dar m\u00e1s visibilidad? \u00bfCu\u00e1les?\t\t\t\t\t\t\t<\/label>\n\t\t\t\t\t\t<textarea class=\"elementor-field-textual elementor-field  elementor-size-sm\" name=\"form_fields[field_f9db79b]\" id=\"form-field-field_f9db79b\" rows=\"4\" placeholder=\"Escribe un listado de la categor\u00eda de productos\" required=\"required\"><\/textarea>\t\t\t\t<\/div>\n\t\t\t\t\t\t\t\t<div class=\"elementor-field-type-textarea elementor-field-group elementor-column elementor-field-group-field_9e08517 elementor-col-100 elementor-field-required\">\n\t\t\t\t\t\t\t\t\t\t\t\t<label for=\"form-field-field_9e08517\" class=\"elementor-field-label\">\n\t\t\t\t\t\t\t\tServicios\t\t\t\t\t\t\t<\/label>\n\t\t\t\t\t\t<textarea class=\"elementor-field-textual elementor-field  elementor-size-sm\" name=\"form_fields[field_9e08517]\" id=\"form-field-field_9e08517\" rows=\"4\" placeholder=\"Escribe un listado de los servicios ofrecidos\" required=\"required\"><\/textarea>\t\t\t\t<\/div>\n\t\t\t\t\t\t\t\t<div class=\"elementor-field-type-upload elementor-field-group elementor-column elementor-field-group-field_848a31c elementor-col-100\">\n\t\t\t\t\t\t\t\t\t\t\t\t<label for=\"form-field-field_848a31c\" class=\"elementor-field-label\">\n\t\t\t\t\t\t\t\tLogo en png\t\t\t\t\t\t\t<\/label>\n\t\t\t\t\t\t\t\t<input type=\"file\" name=\"form_fields[field_848a31c][]\" id=\"form-field-field_848a31c\" class=\"elementor-field elementor-size-sm  elementor-upload-field\" multiple=\"multiple\" data-maxsize=\"4\" data-maxsize-message=\"This file exceeds the maximum allowed size.\">\n\n\t\t\t\t\t\t<\/div>\n\t\t\t\t\t\t\t\t<div class=\"elementor-field-type-upload elementor-field-group elementor-column elementor-field-group-field_0edfd2c elementor-col-100 elementor-field-required\">\n\t\t\t\t\t\t\t\t\t\t\t\t<label for=\"form-field-field_0edfd2c\" class=\"elementor-field-label\">\n\t\t\t\t\t\t\t\tGu\u00eda de Marca\t\t\t\t\t\t\t<\/label>\n\t\t\t\t\t\t\t\t<input type=\"file\" name=\"form_fields[field_0edfd2c][]\" id=\"form-field-field_0edfd2c\" class=\"elementor-field elementor-size-sm  elementor-upload-field\" required=\"required\" multiple=\"multiple\" data-maxsize=\"8\" data-maxsize-message=\"This file exceeds the maximum allowed size.\">\n\n\t\t\t\t\t\t<\/div>\n\t\t\t\t\t\t\t\t<div class=\"elementor-field-type-url elementor-field-group elementor-column elementor-field-group-field_b86bd17 elementor-col-100 elementor-field-required\">\n\t\t\t\t\t\t\t\t\t\t\t\t<label for=\"form-field-field_b86bd17\" class=\"elementor-field-label\">\n\t\t\t\t\t\t\t\tRedes Sociales\t\t\t\t\t\t\t<\/label>\n\t\t\t\t\t\t\t\t\t\t\t\t\t\t<input size=\"1\" type=\"url\" name=\"form_fields[field_b86bd17]\" id=\"form-field-field_b86bd17\" class=\"elementor-field elementor-size-sm  elementor-field-textual\" placeholder=\"Deja el Link de tus Redes Sociales\" required=\"required\">\n\t\t\t\t\t\t\t\t\t\t\t<\/div>\n\t\t\t\t\t\t\t\t<div class=\"elementor-field-type-textarea elementor-field-group elementor-column elementor-field-group-field_e5537ed elementor-col-100\">\n\t\t\t\t\t\t\t\t\t\t\t\t<label for=\"form-field-field_e5537ed\" class=\"elementor-field-label\">\n\t\t\t\t\t\t\t\tPaginas de Referencia\t\t\t\t\t\t\t<\/label>\n\t\t\t\t\t\t<textarea class=\"elementor-field-textual elementor-field  elementor-size-sm\" name=\"form_fields[field_e5537ed]\" id=\"form-field-field_e5537ed\" rows=\"4\" placeholder=\"Paginas que Quieras tener como Referancia para realizar la tuya\"><\/textarea>\t\t\t\t<\/div>\n\t\t\t\t\t\t\t\t<div class=\"elementor-field-type-html elementor-field-group elementor-column elementor-field-group-field_2c34e36 elementor-col-100\">\n\t\t\t\t\t<input type='hidden' id=\"zc_gad\" name=\"zc_gad\" value=\"\"\/>\t\t\t\t<\/div>\n\t\t\t\t\t\t\t\t<div class=\"elementor-field-group elementor-column elementor-field-type-submit elementor-col-100 e-form__buttons\">\n\t\t\t\t\t<button class=\"elementor-button elementor-size-sm\" type=\"submit\">\n\t\t\t\t\t\t<span class=\"elementor-button-content-wrapper\">\n\t\t\t\t\t\t\t\t\t\t\t\t\t\t\t\t\t\t\t\t\t\t<span class=\"elementor-button-text\">Enviar<\/span>\n\t\t\t\t\t\t\t\t\t\t\t\t\t<\/span>\n\t\t\t\t\t<\/button>\n\t\t\t\t<\/div>\n\t\t\t<\/div>\n\t\t<\/form>\n\t\t\t\t\t\t<\/div>\n\t\t\t\t<\/div>\n\t\t\t\t<div class=\"elementor-element elementor-element-c74b683 elementor-widget__width-initial elementor-widget elementor-widget-heading\" data-id=\"c74b683\" data-element_type=\"widget\" data-e-type=\"widget\" data-widget_type=\"heading.default\">\n\t\t\t\t<div class=\"elementor-widget-container\">\n\t\t\t\t\t<p class=\"elementor-heading-title elementor-size-default\">Gracias por proporcionar esta informaci\u00f3n. Nos pondremos en contacto contigo pronto para discutir los detalles de tu nuevo sitio web y c\u00f3mo podemos hacer que se destaque en l\u00ednea.<\/p>\t\t\t\t<\/div>\n\t\t\t\t<\/div>\n\t\t\t\t<div class=\"elementor-element elementor-element-4d3b9bc elementor-align-center elementor-mobile-align-center elementor-tablet-align-center elementor-widget elementor-widget-button\" data-id=\"4d3b9bc\" data-element_type=\"widget\" data-e-type=\"widget\" data-widget_type=\"button.default\">\n\t\t\t\t<div class=\"elementor-widget-container\">\n\t\t\t\t\t\t\t\t\t<div class=\"elementor-button-wrapper\">\n\t\t\t\t\t<a class=\"elementor-button elementor-button-link elementor-size-xs\" href=\"https:\/\/agenciaroco.com\/\">\n\t\t\t\t\t\t<span class=\"elementor-button-content-wrapper\">\n\t\t\t\t\t\t<span class=\"elementor-button-icon\">\n\t\t\t\t<svg aria-hidden=\"true\" class=\"e-font-icon-svg e-far-caret-square-left\" viewBox=\"0 0 448 512\" xmlns=\"http:\/\/www.w3.org\/2000\/svg\"><path d=\"M272 157.1v197.8c0 10.7-13 16.1-20.5 8.5l-98.3-98.9c-4.7-4.7-4.7-12.2 0-16.9l98.3-98.9c7.5-7.7 20.5-2.3 20.5 8.4zM448 80v352c0 26.5-21.5 48-48 48H48c-26.5 0-48-21.5-48-48V80c0-26.5 21.5-48 48-48h352c26.5 0 48 21.5 48 48zm-48 346V86c0-3.3-2.7-6-6-6H54c-3.3 0-6 2.7-6 6v340c0 3.3 2.7 6 6 6h340c3.3 0 6-2.7 6-6z\"><\/path><\/svg>\t\t\t<\/span>\n\t\t\t\t\t\t\t\t\t<span class=\"elementor-button-text\">Volver al inicio<\/span>\n\t\t\t\t\t<\/span>\n\t\t\t\t\t<\/a>\n\t\t\t\t<\/div>\n\t\t\t\t\t\t\t\t<\/div>\n\t\t\t\t<\/div>\n\t\t\t\t<\/div>\n\t\t<div class=\"elementor-element elementor-element-ad9d6b6 e-con-full e-flex e-con e-child\" data-id=\"ad9d6b6\" data-element_type=\"container\" data-e-type=\"container\" data-settings=\"{&quot;background_background&quot;:&quot;classic&quot;}\">\n\t\t\t\t<\/div>\n\t\t\t\t<\/div>\n\t\t\t\t<\/div>\n\t\t","protected":false},"excerpt":{"rendered":"<p>Crea tu Sitio Web con Nosotros Proporciona la siguiente informaci\u00f3n para que podamos entender tus necesidades y dise\u00f1ar la p\u00e1gina web perfecta para ti. Gracias por proporcionar esta informaci\u00f3n. Nos pondremos en contacto contigo pronto para discutir los detalles de tu nuevo sitio web y c\u00f3mo podemos hacer que se destaque en l\u00ednea. Volver al [&hellip;]<\/p>\n","protected":false},"author":7,"featured_media":16631,"parent":0,"menu_order":0,"comment_status":"closed","ping_status":"closed","template":"elementor_canvas","meta":{"_acf_changed":false,"footnotes":""},"class_list":["post-14529","page","type-page","status-publish","has-post-thumbnail","hentry"],"acf":[],"_links":{"self":[{"href":"https:\/\/agenciaroco.com\/en\/wp-json\/wp\/v2\/pages\/14529","targetHints":{"allow":["GET"]}}],"collection":[{"href":"https:\/\/agenciaroco.com\/en\/wp-json\/wp\/v2\/pages"}],"about":[{"href":"https:\/\/agenciaroco.com\/en\/wp-json\/wp\/v2\/types\/page"}],"author":[{"embeddable":true,"href":"https:\/\/agenciaroco.com\/en\/wp-json\/wp\/v2\/users\/7"}],"replies":[{"embeddable":true,"href":"https:\/\/agenciaroco.com\/en\/wp-json\/wp\/v2\/comments?post=14529"}],"version-history":[{"count":0,"href":"https:\/\/agenciaroco.com\/en\/wp-json\/wp\/v2\/pages\/14529\/revisions"}],"wp:featuredmedia":[{"embeddable":true,"href":"https:\/\/agenciaroco.com\/en\/wp-json\/wp\/v2\/media\/16631"}],"wp:attachment":[{"href":"https:\/\/agenciaroco.com\/en\/wp-json\/wp\/v2\/media?parent=14529"}],"curies":[{"name":"wp","href":"https:\/\/api.w.org\/{rel}","templated":true}]}}